{"id":111793,"date":"2022-09-10T19:24:32","date_gmt":"2022-09-10T17:24:32","guid":{"rendered":"https:\/\/palaisdescongres.cm\/reservation\/"},"modified":"2023-03-10T06:24:52","modified_gmt":"2023-03-10T05:24:52","slug":"reservation","status":"publish","type":"page","link":"https:\/\/palaisdescongres.cm\/en\/reservation\/","title":{"rendered":"RESERVATION"},"content":{"rendered":"[et_pb_section fb_built=&#8221;1&#8243; bg_img_2=&#8221;https:\/\/palaisdescongres.cm\/wp-content\/uploads\/2022\/09\/resort-02.jpg&#8221; use_background_color_gradient_2=&#8221;off&#8221; background_color_gradient_direction_2=&#8221;105deg&#8221; background_color_gradient_stops_2=&#8221;rgba(255,255,255,0.65) 0%|rgba(255,255,255,0) 76%&#8221; background_color_gradient_start_2=&#8221;rgba(255,255,255,0.65)&#8221; background_color_gradient_end_2=&#8221;rgba(255,255,255,0)&#8221; background_color_gradient_start_position_2=&#8221;0%&#8221; background_color_gradient_end_position_2=&#8221;76%&#8221; background_color_gradient_overlays_image_2=&#8221;on&#8221; admin_label=&#8221;Header&#8221; _builder_version=&#8221;4.18.0&#8243; use_background_color_gradient=&#8221;on&#8221; background_color_gradient_stops=&#8221;rgba(255,255,255,0) 0%|rgba(0,31,99,0.47) 50%&#8221; background_color_gradient_overlays_image=&#8221;on&#8221; background_color_gradient_start=&#8221;rgba(255,255,255,0)&#8221; background_color_gradient_end=&#8221;rgba(0,31,99,0.47)&#8221; background_color_gradient_end_position=&#8221;50%&#8221; background_image=&#8221;https:\/\/palaisdescongres.cm\/wp-content\/uploads\/2022\/09\/SAlle-PACY-11-scaled.jpg&#8221; custom_padding=&#8221;20vw|0px|0|0px|false|false&#8221; da_disable_devices=&#8221;off|off|off&#8221; global_colors_info=&#8221;{}&#8221; da_is_popup=&#8221;off&#8221; da_exit_intent=&#8221;off&#8221; da_has_close=&#8221;on&#8221; da_alt_close=&#8221;off&#8221; da_dark_close=&#8221;off&#8221; da_not_modal=&#8221;on&#8221; da_is_singular=&#8221;off&#8221; da_with_loader=&#8221;off&#8221; da_has_shadow=&#8221;on&#8221;][et_pb_row column_structure=&#8221;3_4,1_4&#8243; custom_padding_last_edited=&#8221;on|desktop&#8221; _builder_version=&#8221;4.16&#8243; background_color=&#8221;#ffffff&#8221; max_width=&#8221;1160px&#8221; custom_padding=&#8221;|40px||40px||true&#8221; custom_padding_tablet=&#8221;|20px||20px||true&#8221; custom_padding_phone=&#8221;&#8221; use_custom_width=&#8221;on&#8221; custom_width_px=&#8221;1160px&#8221; global_colors_info=&#8221;{}&#8221;][et_pb_column type=&#8221;3_4&#8243; _builder_version=&#8221;4.16&#8243; custom_padding=&#8221;|||&#8221; global_colors_info=&#8221;{}&#8221; custom_padding__hover=&#8221;|||&#8221;][et_pb_text _builder_version=&#8221;4.18.0&#8243; text_font=&#8221;Open Sans||||||||&#8221; text_line_height=&#8221;2em&#8221; header_font=&#8221;Ubuntu||||||||&#8221; header_text_color=&#8221;#000000&#8243; header_font_size=&#8221;4vw&#8221; header_line_height=&#8221;1.3em&#8221; header_2_font=&#8221;|700||on|||||&#8221; header_2_font_size=&#8221;16px&#8221; header_2_letter_spacing=&#8221;6px&#8221; header_2_line_height=&#8221;2em&#8221; header_3_font=&#8221;||||||||&#8221; max_width=&#8221;700px&#8221; custom_margin_tablet=&#8221;0vw||20px&#8221; header_font_size_tablet=&#8221;10vw&#8221; header_font_size_phone=&#8221;&#8221; header_font_size_last_edited=&#8221;on|phone&#8221; header_2_font_size_tablet=&#8221;&#8221; header_2_font_size_phone=&#8221;12px&#8221; header_2_font_size_last_edited=&#8221;on|phone&#8221; header_text_shadow_style=&#8221;preset3&#8243; header_text_shadow_vertical_length=&#8221;0.03em&#8221; header_text_shadow_color=&#8221;#ffffff&#8221; locked=&#8221;off&#8221; global_colors_info=&#8221;{}&#8221; header_3_font_size__hover=&#8221;22px&#8221; header_3_font_size__hover_enabled=&#8221;22px&#8221; header_3_letter_spacing__hover=&#8221;0px&#8221; header_3_letter_spacing__hover_enabled=&#8221;0px&#8221; header_3_line_height__hover=&#8221;1em&#8221; header_3_line_height__hover_enabled=&#8221;1em&#8221; header_3_text_shadow_style__hover=&#8221;none&#8221; header_3_text_shadow_style__hover_enabled=&#8221;none&#8221; header_3_text_shadow_color__hover=&#8221;rgba(0,0,0,0.4)&#8221; header_3_text_shadow_color__hover_enabled=&#8221;rgba(0,0,0,0.4)&#8221;]\n<h2>ROOMS, OPEN AIR <b>&amp;<\/b> EXHIBITION HALLS<\/h2>\n<h1><span>Book or request a quotation<\/span><\/h1>\n<p>We have:<\/p>\n<ul>\n<li>27 000 m\u00b2 of green spaces,<\/li>\n<li>10 meeting rooms from 50 to 2000 seats,<\/li>\n<li>a high standing lounge of 150 m\u00b2,<\/li>\n<li>two (02) large reception halls of 1750 m\u00b2,<\/li>\n<li>four (04) esplanades from 520 to 5 500 m\u00b2,<\/li>\n<li>an amphitheater located on the lower part,<\/li>\n<li>a VIP lounge with 4 lounge areas,<\/li>\n<li>6 newly built stores<\/li>\n<\/ul>\n<p><strong>Make your choice<\/strong><\/p>\n<p>&nbsp;<\/p>\n[\/et_pb_text][\/et_pb_column][et_pb_column type=&#8221;1_4&#8243; _builder_version=&#8221;4.16&#8243; custom_padding=&#8221;|||&#8221; global_colors_info=&#8221;{}&#8221; custom_padding__hover=&#8221;|||&#8221;][et_pb_image src=&#8221;https:\/\/palaisdescongres.cm\/wp-content\/uploads\/2022\/10\/Business-Man-11.png&#8221; title_text=&#8221;Business Man 11&#8243; _builder_version=&#8221;4.18.0&#8243; _module_preset=&#8221;default&#8221; global_colors_info=&#8221;{}&#8221;][\/et_pb_image][\/et_pb_column][\/et_pb_row][\/et_pb_section][et_pb_section fb_built=&#8221;1&#8243; admin_label=&#8221;About&#8221; _builder_version=&#8221;4.16&#8243; custom_padding=&#8221;0|0px|0|0px|false|false&#8221; da_disable_devices=&#8221;off|off|off&#8221; global_colors_info=&#8221;{}&#8221; da_is_popup=&#8221;off&#8221; da_exit_intent=&#8221;off&#8221; da_has_close=&#8221;on&#8221; da_alt_close=&#8221;off&#8221; da_dark_close=&#8221;off&#8221; da_not_modal=&#8221;on&#8221; da_is_singular=&#8221;off&#8221; da_with_loader=&#8221;off&#8221; da_has_shadow=&#8221;on&#8221;][\/et_pb_section][et_pb_section fb_built=&#8221;1&#8243; make_equal=&#8221;on&#8221; use_custom_gutter=&#8221;on&#8221; gutter_width=&#8221;1&#8243; specialty=&#8221;on&#8221; bg_img_1=&#8221;https:\/\/palaisdescongres.cm\/wp-content\/uploads\/2022\/10\/Jet-deau-PACY-4-scaled.jpg&#8221; padding_top_1=&#8221;120px&#8221; padding_top_2=&#8221;60px&#8221; padding_right_1=&#8221;40px&#8221; padding_left_1=&#8221;40px&#8221; padding_left_right_link_1=&#8221;true&#8221; padding_left_right_link_2=&#8221;true&#8221; padding_1_tablet=&#8221;0px|||&#8221; padding_2_tablet=&#8221;0px|||&#8221; padding_1_phone=&#8221;&#8221; padding_2_phone=&#8221;40px|10px|40px|10px||true&#8221; padding_1_last_edited=&#8221;on|phone&#8221; padding_2_last_edited=&#8221;off|desktop&#8221; admin_label=&#8221;Testimonial&#8221; _builder_version=&#8221;4.18.0&#8243; background_image=&#8221;https:\/\/palaisdescongres.cm\/wp-content\/uploads\/2022\/09\/bleu.png&#8221; background_size=&#8221;initial&#8221; background_position=&#8221;top_right&#8221; custom_padding=&#8221;120px|0px|54px|0px|false|false&#8221; da_disable_devices=&#8221;off|off|off&#8221; global_colors_info=&#8221;{}&#8221; da_is_popup=&#8221;off&#8221; da_exit_intent=&#8221;off&#8221; da_has_close=&#8221;on&#8221; da_alt_close=&#8221;off&#8221; da_dark_close=&#8221;off&#8221; da_not_modal=&#8221;on&#8221; da_is_singular=&#8221;off&#8221; da_with_loader=&#8221;off&#8221; da_has_shadow=&#8221;on&#8221;][et_pb_column type=&#8221;1_2&#8243; _builder_version=&#8221;4.16&#8243; custom_padding=&#8221;|||&#8221; global_colors_info=&#8221;{}&#8221; padding_tablet=&#8221;0px|||&#8221; padding_last_edited=&#8221;on|phone&#8221; custom_padding__hover=&#8221;|||&#8221; padding_phone=&#8221;0px|||&#8221;][et_pb_text _builder_version=&#8221;4.18.0&#8243; text_font=&#8221;||on||||||&#8221; text_text_color=&#8221;#FFFFFF&#8221; text_line_height=&#8221;2em&#8221; header_font=&#8221;||||||||&#8221; header_2_font=&#8221;Gilda Display||||||||&#8221; header_2_font_size=&#8221;60px&#8221; header_2_line_height=&#8221;1.2em&#8221; text_orientation=&#8221;right&#8221; width=&#8221;58%&#8221; module_alignment=&#8221;center&#8221; custom_margin=&#8221;0px||0px||false|false&#8221; header_2_font_size_tablet=&#8221;40px&#8221; header_2_font_size_phone=&#8221;30px&#8221; header_2_font_size_last_edited=&#8221;on|phone&#8221; locked=&#8221;off&#8221; global_colors_info=&#8221;{}&#8221;]\n<p>Below, rediscover again in the video our most beautiful rooms available for your events.<\/p>\n[\/et_pb_text][\/et_pb_column][et_pb_column type=&#8221;1_2&#8243; specialty_columns=&#8221;2&#8243; _builder_version=&#8221;4.16&#8243; custom_padding=&#8221;|||&#8221; global_colors_info=&#8221;{}&#8221; padding_phone=&#8221;40px|10px|40px|10px||true&#8221; padding_tablet=&#8221;0px|||&#8221; padding_last_edited=&#8221;off|desktop&#8221; custom_padding__hover=&#8221;|||&#8221;][et_pb_row_inner _builder_version=&#8221;4.18.0&#8243; background_color=&#8221;#0C71C3&#8243; custom_margin=&#8221;||120px|-120px|false&#8221; custom_margin_tablet=&#8221;||0px|0px&#8221; custom_margin_phone=&#8221;&#8221; custom_margin_last_edited=&#8221;on|desktop&#8221; custom_padding=&#8221;80px|12%|80px|12%|true|true&#8221; animation_style=&#8221;fold&#8221; animation_direction=&#8221;left&#8221; box_shadow_style=&#8221;preset4&#8243; box_shadow_horizontal=&#8221;-30px&#8221; box_shadow_vertical=&#8221;30px&#8221; box_shadow_color=&#8221;rgba(57,62,86,0.4)&#8221; global_colors_info=&#8221;{}&#8221;][et_pb_column_inner saved_specialty_column_type=&#8221;1_2&#8243; _builder_version=&#8221;4.18.0&#8243; custom_padding=&#8221;|||&#8221; global_colors_info=&#8221;{}&#8221; custom_padding__hover=&#8221;|||&#8221;][et_pb_divider color=&#8221;#ffffff&#8221; divider_weight=&#8221;3px&#8221; _builder_version=&#8221;4.16&#8243; max_width=&#8221;60px&#8221; height=&#8221;3px&#8221; custom_margin=&#8221;||10px|&#8221; locked=&#8221;off&#8221; global_colors_info=&#8221;{}&#8221;][\/et_pb_divider][et_pb_dcgd_gravity_divi_module dc_dgfcm_form_id=&#8221;2&#8243; dc_dgfcm_show_title=&#8221;off&#8221; dc_dgfcm_enable_confirmation=&#8221;on&#8221; dc_dgfcm_confirmation_message=&#8221; <\/p>\n<p>Merci pour votre message. Il a \u00e9t\u00e9 bien re\u00e7u et tr\u00e8s rapidement un agent vous contacte.<\/p>\n<p>Merci encore pour votre confiance et excellente journ\u00e9e\/soir\u00e9e!<\/p>\n<p>L&#8217;\u00e9quipe du Palais des Congr\u00e8s de Yaound\u00e9.<\/p>\n<p> &#8221; dc_dgfcm_enable_submission_summary=&#8221;on&#8221; _builder_version=&#8221;4.20.2&#8243; _module_preset=&#8221;default&#8221; form_inputs_text_color=&#8221;#000000&#8243; form_inputs_focus_text_color=&#8221;#000000&#8243; form_title_font=&#8221;Ubuntu|700|||||||&#8221; form_description_font=&#8221;Ubuntu|700|||||||&#8221; form_description_text_color=&#8221;#FFFFFF&#8221; form_description_font_size=&#8221;33px&#8221; progressbar_title_font=&#8221;Ubuntu|700|||||||&#8221; field_label_font=&#8221;Ubuntu|700|||||||&#8221; field_label_text_color=&#8221;#FFFFFF&#8221; field_sub_label_font=&#8221;|300|||||||&#8221; field_sub_label_text_color=&#8221;#FFFFFF&#8221; field_description_font=&#8221;Ubuntu|300|||||||&#8221; field_description_text_color=&#8221;#FFFFFF&#8221; field_required_font=&#8221;Ubuntu|700|||||||&#8221; field_required_text_color=&#8221;#FFFFFF&#8221; field_instruction_description_font=&#8221;||||||||&#8221; section_title_font=&#8221;Ubuntu|700|||||||&#8221; section_description_font=&#8221;Ubuntu|700|||||||&#8221; section_description_text_color=&#8221;#FFFFFF&#8221; html_field_label_font=&#8221;||||||||&#8221; confirmation_message_font=&#8221;Ubuntu||||||||&#8221; confirmation_message_font_size=&#8221;17px&#8221; validation_error_font=&#8221;||||||||&#8221; field_validation_errors_font=&#8221;||||||||&#8221; submission_summary_label_font=&#8221;||||||||&#8221; submission_summary_text_font=&#8221;||||||||&#8221; form_inputs_font=&#8221;Ubuntu|500|||||||&#8221; custom_form_submit_button=&#8221;on&#8221; form_submit_button_text_color=&#8221;#FFFFFF&#8221; form_submit_button_font=&#8221;Ubuntu|700|||||||&#8221; form_submit_button_alignment=&#8221;center&#8221; custom_form_next_button=&#8221;on&#8221; form_next_button_font=&#8221;||||||||&#8221; custom_form_prev_button=&#8221;on&#8221; custom_form_upload_button=&#8221;on&#8221; form_upload_button_font=&#8221;||||||||&#8221; width=&#8221;82%&#8221; hover_enabled=&#8221;0&#8243; form_description_font_size_tablet=&#8221;33px&#8221; form_description_font_size_phone=&#8221;23px&#8221; form_description_font_size_last_edited=&#8221;on|desktop&#8221; global_colors_info=&#8221;{}&#8221; field_checkboxes_radio_text_color=&#8221;#FFFFFF&#8221; sticky_enabled=&#8221;0&#8243;][\/et_pb_dcgd_gravity_divi_module][\/et_pb_column_inner][\/et_pb_row_inner][\/et_pb_column][\/et_pb_section][et_pb_section fb_built=&#8221;1&#8243; admin_label=&#8221;Image&#8221; _builder_version=&#8221;4.16&#8243; custom_padding=&#8221;0|0px|54px|0px|false|false&#8221; top_divider_style=&#8221;wave2&#8243; top_divider_color=&#8221;#ffffff&#8221; top_divider_height=&#8221;10vw&#8221; top_divider_repeat=&#8221;0.9x&#8221; top_divider_flip=&#8221;vertical|horizontal&#8221; top_divider_arrangement=&#8221;above_content&#8221; da_disable_devices=&#8221;off|off|off&#8221; global_colors_info=&#8221;{}&#8221; da_is_popup=&#8221;off&#8221; da_exit_intent=&#8221;off&#8221; da_has_close=&#8221;on&#8221; da_alt_close=&#8221;off&#8221; da_dark_close=&#8221;off&#8221; da_not_modal=&#8221;on&#8221; da_is_singular=&#8221;off&#8221; da_with_loader=&#8221;off&#8221; da_has_shadow=&#8221;on&#8221;][et_pb_row use_custom_gutter=&#8221;on&#8221; gutter_width=&#8221;1&#8243; custom_padding_last_edited=&#8221;on|desktop&#8221; padding_left_right_link_4=&#8221;true&#8221; _builder_version=&#8221;4.16&#8243; max_width=&#8221;1160px&#8221; custom_margin_tablet=&#8221;30px|||&#8221; custom_margin_phone=&#8221;&#8221; custom_margin_last_edited=&#8221;on|tablet&#8221; custom_padding=&#8221;0||0||false|false&#8221; custom_padding_tablet=&#8221;||30px&#8221; custom_padding_phone=&#8221;&#8221; box_shadow_style=&#8221;preset3&#8243; box_shadow_blur=&#8221;100px&#8221; box_shadow_color=&#8221;rgba(0,0,0,0.14)&#8221; use_custom_width=&#8221;on&#8221; custom_width_px=&#8221;1160px&#8221; global_colors_info=&#8221;{}&#8221;][et_pb_column type=&#8221;4_4&#8243; _builder_version=&#8221;4.16&#8243; custom_padding=&#8221;|||&#8221; global_colors_info=&#8221;{}&#8221; custom_padding__hover=&#8221;|||&#8221;][\/et_pb_column][\/et_pb_row][et_pb_row _builder_version=&#8221;4.16&#8243; custom_padding=&#8221;0|0px|0|0px|false|false&#8221; animation_style=&#8221;slide&#8221; animation_direction=&#8221;right&#8221; animation_intensity_slide=&#8221;1%&#8221; locked=&#8221;off&#8221; global_colors_info=&#8221;{}&#8221;][et_pb_column type=&#8221;4_4&#8243; _builder_version=&#8221;4.16&#8243; custom_padding=&#8221;|||&#8221; global_colors_info=&#8221;{}&#8221; custom_padding__hover=&#8221;|||&#8221;][et_pb_video src=&#8221;https:\/\/youtu.be\/V8ikx4LgfHM&#8221; image_src=&#8221;https:\/\/palaisdescongres.cm\/wp-content\/uploads\/2022\/09\/Photo-Texte-Salles-PACY-FR-1.png&#8221; _builder_version=&#8221;4.18.0&#8243; _module_preset=&#8221;default&#8221; global_colors_info=&#8221;{}&#8221;][\/et_pb_video][\/et_pb_column][\/et_pb_row][et_pb_row column_structure=&#8221;1_2,1_2&#8243; use_custom_gutter=&#8221;on&#8221; gutter_width=&#8221;1&#8243; _builder_version=&#8221;4.18.0&#8243; custom_margin_tablet=&#8221;60px|||&#8221; custom_margin_phone=&#8221;&#8221; custom_margin_last_edited=&#8221;on|tablet&#8221; custom_padding=&#8221;0|0px|27px|0px|false|false&#8221; global_colors_info=&#8221;{}&#8221;][et_pb_column type=&#8221;1_2&#8243; _builder_version=&#8221;4.18.0&#8243; custom_padding=&#8221;|||&#8221; global_colors_info=&#8221;{}&#8221; custom_padding__hover=&#8221;|||&#8221;][et_pb_image src=&#8221;https:\/\/palaisdescongres.cm\/wp-content\/uploads\/2022\/09\/political-candidate-23.png&#8221; align=&#8221;right&#8221; align_tablet=&#8221;center&#8221; align_phone=&#8221;center&#8221; align_last_edited=&#8221;on|desktop&#8221; disabled_on=&#8221;on|on|off&#8221; _builder_version=&#8221;4.18.0&#8243; locked=&#8221;off&#8221; global_colors_info=&#8221;{}&#8221;][\/et_pb_image][\/et_pb_column][et_pb_column type=&#8221;1_2&#8243; _builder_version=&#8221;4.18.0&#8243; custom_padding=&#8221;|||&#8221; global_colors_info=&#8221;{}&#8221; custom_padding__hover=&#8221;|||&#8221;][et_pb_video src=&#8221;https:\/\/youtu.be\/2WEK1vgJwzU&#8221; src_webm=&#8221;https:\/\/youtu.be\/2WEK1vgJwzU&#8221; image_src=&#8221;https:\/\/palaisdescongres.cm\/wp-content\/uploads\/2022\/10\/Photo-Texte-Ce\u0301tait-au-PACY-FR-2.png&#8221; _builder_version=&#8221;4.18.0&#8243; custom_margin=&#8221;||0px|&#8221; animation_style=&#8221;slide&#8221; animation_direction=&#8221;left&#8221; animation_intensity_slide=&#8221;1%&#8221; box_shadow_style=&#8221;preset4&#8243; box_shadow_horizontal=&#8221;30px&#8221; box_shadow_vertical=&#8221;30px&#8221; box_shadow_color=&#8221;rgba(57,62,86,0.12)&#8221; locked=&#8221;off&#8221; global_colors_info=&#8221;{}&#8221;][\/et_pb_video][\/et_pb_column][\/et_pb_row][\/et_pb_section]\n","protected":false},"excerpt":{"rendered":"<p>ROOMS, OPEN AIR &amp; EXHIBITION HALLS Book or request a quotation We have: 27 000 m\u00b2 of green spaces, 10 meeting rooms from 50 to 2000 seats, a high standing lounge of 150 m\u00b2, two (02) large reception halls of 1750 m\u00b2, four (04) esplanades from 520 to 5 500 m\u00b2, an amphitheater located on [&hellip;]<\/p>\n","protected":false},"author":1,"featured_media":0,"parent":0,"menu_order":0,"comment_status":"closed","ping_status":"closed","template":"","meta":{"_et_pb_use_builder":"on","_et_pb_old_content":"","_et_gb_content_width":"","footnotes":""},"class_list":["post-111793","page","type-page","status-publish","hentry"],"jetpack_sharing_enabled":true,"_links":{"self":[{"href":"https:\/\/palaisdescongres.cm\/en\/wp-json\/wp\/v2\/pages\/111793","targetHints":{"allow":["GET"]}}],"collection":[{"href":"https:\/\/palaisdescongres.cm\/en\/wp-json\/wp\/v2\/pages"}],"about":[{"href":"https:\/\/palaisdescongres.cm\/en\/wp-json\/wp\/v2\/types\/page"}],"author":[{"embeddable":true,"href":"https:\/\/palaisdescongres.cm\/en\/wp-json\/wp\/v2\/users\/1"}],"replies":[{"embeddable":true,"href":"https:\/\/palaisdescongres.cm\/en\/wp-json\/wp\/v2\/comments?post=111793"}],"version-history":[{"count":6,"href":"https:\/\/palaisdescongres.cm\/en\/wp-json\/wp\/v2\/pages\/111793\/revisions"}],"predecessor-version":[{"id":112629,"href":"https:\/\/palaisdescongres.cm\/en\/wp-json\/wp\/v2\/pages\/111793\/revisions\/112629"}],"wp:attachment":[{"href":"https:\/\/palaisdescongres.cm\/en\/wp-json\/wp\/v2\/media?parent=111793"}],"curies":[{"name":"wp","href":"https:\/\/api.w.org\/{rel}","templated":true}]}}